{"id":437,"date":"2021-07-29T20:22:52","date_gmt":"2021-07-29T20:22:52","guid":{"rendered":"https:\/\/agenciadeviajes.soyemp.com\/?page_id=437"},"modified":"2024-03-25T19:30:42","modified_gmt":"2024-03-25T19:30:42","slug":"video-conferencia","status":"publish","type":"page","link":"https:\/\/agenciadeviajes.soyemp.com\/es\/video-conferencia\/","title":{"rendered":"video conferencia"},"content":{"rendered":"<div data-elementor-type=\"wp-page\" data-elementor-id=\"437\" class=\"elementor elementor-437\">\n\t\t\t\t\t\t<section class=\"elementor-section elementor-top-section elementor-element elementor-element-20b83bea elementor-section-boxed elementor-section-height-default elementor-section-height-default exad-glass-effect-no exad-sticky-section-no\" data-id=\"20b83bea\" data-element_type=\"section\" data-settings=\"{&quot;background_background&quot;:&quot;classic&quot;}\">\n\t\t\t\t\t\t<div class=\"elementor-container elementor-column-gap-default\">\n\t\t\t\t\t<div class=\"elementor-column elementor-col-100 elementor-top-column elementor-element elementor-element-669e4395 exad-glass-effect-no exad-sticky-section-no\" data-id=\"669e4395\" data-element_type=\"column\">\n\t\t\t<div class=\"elementor-widget-wrap elementor-element-populated\">\n\t\t\t\t\t\t<div class=\"elementor-element elementor-element-37b2c8dd exad-sticky-section-no exad-glass-effect-no elementor-widget elementor-widget-image\" data-id=\"37b2c8dd\" data-element_type=\"widget\" data-widget_type=\"image.default\">\n\t\t\t\t<div class=\"elementor-widget-container\">\n\t\t\t\t\t\t\t\t\t\t\t\t\t<img decoding=\"async\" src=\"https:\/\/agenciadeviajes.soyemp.com\/wp-content\/uploads\/2021\/07\/tu-logo.png\" title=\"\" alt=\"\" loading=\"lazy\" \/>\t\t\t\t\t\t\t\t\t\t\t\t\t<\/div>\n\t\t\t\t<\/div>\n\t\t\t\t<section class=\"elementor-section elementor-inner-section elementor-element elementor-element-3df58c9d elementor-section-boxed elementor-section-height-default elementor-section-height-default exad-glass-effect-no exad-sticky-section-no\" data-id=\"3df58c9d\" data-element_type=\"section\">\n\t\t\t\t\t\t<div class=\"elementor-container elementor-column-gap-default\">\n\t\t\t\t\t<div class=\"elementor-column elementor-col-50 elementor-inner-column elementor-element elementor-element-bd333af exad-glass-effect-no exad-sticky-section-no\" data-id=\"bd333af\" data-element_type=\"column\">\n\t\t\t<div class=\"elementor-widget-wrap elementor-element-populated\">\n\t\t\t\t\t\t<div class=\"elementor-element elementor-element-3991928e exad-sticky-section-no exad-glass-effect-no elementor-widget elementor-widget-heading\" data-id=\"3991928e\" data-element_type=\"widget\" data-widget_type=\"heading.default\">\n\t\t\t\t<div class=\"elementor-widget-container\">\n\t\t\t<h2 class=\"elementor-heading-title elementor-size-default\">sistema de video conferencia<\/h2>\t\t<\/div>\n\t\t\t\t<\/div>\n\t\t\t\t<div class=\"elementor-element elementor-element-17b9dd22 exad-sticky-section-no exad-glass-effect-no elementor-widget elementor-widget-text-editor\" data-id=\"17b9dd22\" data-element_type=\"widget\" data-widget_type=\"text-editor.default\">\n\t\t\t\t<div class=\"elementor-widget-container\">\n\t\t\t\t\t\t\t<p>Para tener acceso a este sistema se debe tener el c\u00f3digo de acceso o ser invitado por medio de enlace que en anfitri\u00f3n debe enviar de manera directa.<\/p>\t\t\t\t\t\t<\/div>\n\t\t\t\t<\/div>\n\t\t\t\t\t<\/div>\n\t\t<\/div>\n\t\t\t\t<div class=\"elementor-column elementor-col-50 elementor-inner-column elementor-element elementor-element-3771eefc exad-glass-effect-no exad-sticky-section-no\" data-id=\"3771eefc\" data-element_type=\"column\">\n\t\t\t<div class=\"elementor-widget-wrap elementor-element-populated\">\n\t\t\t\t\t\t<div class=\"elementor-element elementor-element-5f45702b exad-sticky-section-no exad-glass-effect-no elementor-widget elementor-widget-shortcode\" data-id=\"5f45702b\" data-element_type=\"widget\" data-widget_type=\"shortcode.default\">\n\t\t\t\t<div class=\"elementor-widget-container\">\n\t\t\t        \t\t<div class=\"elementor-shortcode\">\t\t<div class=\"wrap\">\n\t\t\t<div class=\"container-fluid\">\r\n\r\n    <div id=\"app\">\r\n        <template>\r\n            <div v-if=\"is_loading\">Cargando<\/div>\r\n            <div v-else>\r\n                <div class=\"meetreunion-section\">\r\n                    <div v-show=\"!show_meet\">\r\n                        <form class=\"meetreunion-form\" action=\"\">\r\n                            <div class=\"form-group\">\r\n                                <label for=\"display_name\">Nombre<\/label>\r\n                                <input v-model=\"display_name\" type=\"text\" id=\"meetreunion-display_name\" name=\"display_name\">\r\n                                <small id=\"displayNameHelp\" class=\"form-text text-muted\">\r\n                                    Escribe tu nombre (opcional).                                <\/small>\r\n                            <\/div>\r\n\r\n                            <div class=\"form-group\">\r\n                                <label for=\"title\">C\u00f3digo<\/label>\r\n                                <input v-model=\"code\" type=\"text\" id=\"meetreunion-code\" name=\"code\">\r\n                                <small id=\"codeHelp\" class=\"form-text text-muted\">\r\n                                    Introduce tu c\u00f3digo de reuni\u00f3n                                <\/small>\r\n                            <\/div>\r\n\r\n                            <button @click.prevent=\"createJitsiMeet\" class=\"btn btn-primary\">\r\n                                Conectar                            <\/button>\r\n                        <input type=\"hidden\" name=\"trp-form-language\" value=\"es\"\/><\/form>\r\n                        <div class=\"error-message\" v-show=\"error\">\r\n                            {{ error_message }}\r\n                        <\/div>\r\n                    <\/div>\r\n                <\/div>\r\n                <hr>\r\n                <div v-show=\"show_mobile_info\">\r\n                    Desde un dispositivo m\u00f3vil, necesitar\u00e1s instalar la aplicaci\u00f3n de Jitsi                    <br>\r\n                    Enlace generado. Haz click en Go! para conectar.                    <a style=\"display: block;margin-top: 10px;\" class=\"button\" :href=\"mobile_connect_info\">\r\n                        Go!                    <\/a>\r\n                <\/div>\r\n                <div v-show=\"show_meet\" class=\"meetreunion-section\" id=\"meetreunion\">\r\n\r\n                <\/div>\r\n            <\/div>\r\n        <\/template>\r\n    <\/div>\r\n\r\n<\/div>\r\n\t\t<\/div>\n\t\t<\/div>\n\t\t\t\t<\/div>\n\t\t\t\t<\/div>\n\t\t\t\t\t<\/div>\n\t\t<\/div>\n\t\t\t\t\t<\/div>\n\t\t<\/section>\n\t\t\t\t\t<\/div>\n\t\t<\/div>\n\t\t\t\t\t<\/div>\n\t\t<\/section>\n\t\t\t\t<\/div>","protected":false},"excerpt":{"rendered":"<p>sistema de video conferencia Para tener acceso a este sistema se debe tener el c\u00f3digo de acceso o ser invitado por medio de enlace que en anfitri\u00f3n debe enviar de manera directa.<\/p>","protected":false},"author":1,"featured_media":0,"parent":0,"menu_order":0,"comment_status":"closed","ping_status":"closed","template":"","meta":{"site-sidebar-layout":"no-sidebar","site-content-layout":"page-builder","ast-site-content-layout":"","site-content-style":"default","site-sidebar-style":"default","ast-global-header-display":"","ast-banner-title-visibility":"","ast-main-header-display":"disabled","ast-hfb-above-header-display":"","ast-hfb-below-header-display":"","ast-hfb-mobile-header-display":"","site-post-title":"disabled","ast-breadcrumbs-content":"disabled","ast-featured-img":"disabled","footer-sml-layout":"disabled","theme-transparent-header-meta":"default","adv-header-id-meta":"","stick-header-meta":"","header-above-stick-meta":"","header-main-stick-meta":"","header-below-stick-meta":"","astra-migrate-meta-layouts":"default","ast-page-background-enabled":"default","ast-page-background-meta":{"desktop":{"background-color":"var(--ast-global-color-4)","background-image":"","background-repeat":"repeat","background-position":"center center","background-size":"auto","background-attachment":"scroll","background-type":"","background-media":"","overlay-type":"","overlay-color":"","overlay-gradient":""},"tablet":{"background-color":"","background-image":"","background-repeat":"repeat","background-position":"center center","background-size":"auto","background-attachment":"scroll","background-type":"","background-media":"","overlay-type":"","overlay-color":"","overlay-gradient":""},"mobile":{"background-color":"","background-image":"","background-repeat":"repeat","background-position":"center center","background-size":"auto","background-attachment":"scroll","background-type":"","background-media":"","overlay-type":"","overlay-color":"","overlay-gradient":""}},"ast-content-background-meta":{"desktop":{"background-color":"var(--ast-global-color-5)","background-image":"","background-repeat":"repeat","background-position":"center center","background-size":"auto","background-attachment":"scroll","background-type":"","background-media":"","overlay-type":"","overlay-color":"","overlay-gradient":""},"tablet":{"background-color":"var(--ast-global-color-5)","background-image":"","background-repeat":"repeat","background-position":"center center","background-size":"auto","background-attachment":"scroll","background-type":"","background-media":"","overlay-type":"","overlay-color":"","overlay-gradient":""},"mobile":{"background-color":"var(--ast-global-color-5)","background-image":"","background-repeat":"repeat","background-position":"center center","background-size":"auto","background-attachment":"scroll","background-type":"","background-media":"","overlay-type":"","overlay-color":"","overlay-gradient":""}},"_joinchat":[],"footnotes":""},"class_list":["post-437","page","type-page","status-publish","hentry"],"_links":{"self":[{"href":"https:\/\/agenciadeviajes.soyemp.com\/es\/wp-json\/wp\/v2\/pages\/437","targetHints":{"allow":["GET"]}}],"collection":[{"href":"https:\/\/agenciadeviajes.soyemp.com\/es\/wp-json\/wp\/v2\/pages"}],"about":[{"href":"https:\/\/agenciadeviajes.soyemp.com\/es\/wp-json\/wp\/v2\/types\/page"}],"author":[{"embeddable":true,"href":"https:\/\/agenciadeviajes.soyemp.com\/es\/wp-json\/wp\/v2\/users\/1"}],"replies":[{"embeddable":true,"href":"https:\/\/agenciadeviajes.soyemp.com\/es\/wp-json\/wp\/v2\/comments?post=437"}],"version-history":[{"count":10,"href":"https:\/\/agenciadeviajes.soyemp.com\/es\/wp-json\/wp\/v2\/pages\/437\/revisions"}],"predecessor-version":[{"id":739,"href":"https:\/\/agenciadeviajes.soyemp.com\/es\/wp-json\/wp\/v2\/pages\/437\/revisions\/739"}],"wp:attachment":[{"href":"https:\/\/agenciadeviajes.soyemp.com\/es\/wp-json\/wp\/v2\/media?parent=437"}],"curies":[{"name":"wp","href":"https:\/\/api.w.org\/{rel}","templated":true}]}}